{"id":9,"date":"2013-10-13T11:53:03","date_gmt":"2013-10-13T15:53:03","guid":{"rendered":"http:\/\/conseils-gp.com\/scgp-www\/?page_id=9"},"modified":"2013-10-16T22:03:54","modified_gmt":"2013-10-17T02:03:54","slug":"accueil","status":"publish","type":"page","link":"http:\/\/conseils-gp.com\/","title":{"rendered":"Accueil"},"content":{"rendered":"<p>Bienvenue sur le site de Services Conseils G.P.<\/p>\n<p>Cette entreprise de services professionnels en technologie de l&rsquo;information a \u00e9t\u00e9 fond\u00e9e en 1998 et se sp\u00e9cialise autour de la s\u00e9curit\u00e9 des ressources informationnelles.<\/p>\n<p>Bas\u00e9e dans la ville de Qu\u00e9bec, Services conseils G.P. est un acteur reconnu du milieu et est tr\u00e8s actif particuli\u00e8rement pour ce qui touche la Gestion des identit\u00e9s et des acc\u00e8s.<\/p>\n","protected":false},"excerpt":{"rendered":"<p>Bienvenue sur le site de Services Conseils G.P. Cette entreprise de services professionnels en technologie de l&rsquo;information a \u00e9t\u00e9 fond\u00e9e en 1998 et se sp\u00e9cialise autour de la s\u00e9curit\u00e9 des ressources informationnelles. Bas\u00e9e dans la ville de Qu\u00e9bec, Services conseils &hellip;<\/p>\n<p class=\"read-more\"> <a class=\"more-link\" href=\"http:\/\/conseils-gp.com\/\"> <span class=\"screen-reader-text\">Accueil<\/span> Read More &raquo;<\/a><\/p>\n","protected":false},"author":1,"featured_media":0,"parent":0,"menu_order":0,"comment_status":"open","ping_status":"open","template":"showcase.php","meta":{"spay_email":""},"jetpack_likes_enabled":true,"jetpack_sharing_enabled":true,"_links":{"self":[{"href":"http:\/\/conseils-gp.com\/index.php?rest_route=\/wp\/v2\/pages\/9"}],"collection":[{"href":"http:\/\/conseils-gp.com\/index.php?rest_route=\/wp\/v2\/pages"}],"about":[{"href":"http:\/\/conseils-gp.com\/index.php?rest_route=\/wp\/v2\/types\/page"}],"author":[{"embeddable":true,"href":"http:\/\/conseils-gp.com\/index.php?rest_route=\/wp\/v2\/users\/1"}],"replies":[{"embeddable":true,"href":"http:\/\/conseils-gp.com\/index.php?rest_route=%2Fwp%2Fv2%2Fcomments&post=9"}],"version-history":[{"count":6,"href":"http:\/\/conseils-gp.com\/index.php?rest_route=\/wp\/v2\/pages\/9\/revisions"}],"predecessor-version":[{"id":56,"href":"http:\/\/conseils-gp.com\/index.php?rest_route=\/wp\/v2\/pages\/9\/revisions\/56"}],"wp:attachment":[{"href":"http:\/\/conseils-gp.com\/index.php?rest_route=%2Fwp%2Fv2%2Fmedia&parent=9"}],"curies":[{"name":"wp","href":"https:\/\/api.w.org\/{rel}","templated":true}]}}