{"id":2,"date":"2013-09-22T22:26:41","date_gmt":"2013-09-22T22:26:41","guid":{"rendered":"http:\/\/conseils-gp.com\/scgp-www\/?page_id=2"},"modified":"2014-10-29T12:54:10","modified_gmt":"2014-10-29T16:54:10","slug":"sample-page","status":"publish","type":"page","link":"http:\/\/conseils-gp.com\/?page_id=2","title":{"rendered":"Services Conseils G.P."},"content":{"rendered":"<p>Description de la mission de Services Conseils G.P.<\/p>\n<blockquote><p>Services Conseils G.P. a \u00e9t\u00e9 fond\u00e9e en se donnant une mission tr\u00e8s simple et directe: travailler en partenariat avec les autres fournisseurs de produits et services afin de concevoir des approches et des solutions novatrices qui r\u00e9pondent efficacement aux objectifs et besoins d&rsquo;affaire des clients.<\/p>\n<p>L&rsquo;engagement et l&rsquo;investissement personnel sont les ingr\u00e9dients principaux qui permettent \u00e0 Services Conseils G.P. de r\u00e9pondre \u00e0 cette mission.<\/p>\n<p>&nbsp;<\/p>\n<p>Qui est Guy Paris, le pr\u00e9sident de Services Conseils G.P.<\/p><\/blockquote>\n<blockquote><p><a href=\"http:\/\/conseils-gp.com\/scgp-www\/wp-content\/uploads\/2013\/09\/Guy-Paris.jpg\"><img decoding=\"async\" loading=\"lazy\" class=\"alignnone size-medium wp-image-29\" src=\"http:\/\/conseils-gp.com\/scgp-www\/wp-content\/uploads\/2013\/09\/Guy-Paris-238x300.jpg\" alt=\"Guy Paris\" width=\"238\" height=\"300\" srcset=\"http:\/\/conseils-gp.com\/scgp-www\/wp-content\/uploads\/2013\/09\/Guy-Paris-238x300.jpg 238w, http:\/\/conseils-gp.com\/scgp-www\/wp-content\/uploads\/2013\/09\/Guy-Paris.jpg 350w\" sizes=\"(max-width: 238px) 100vw, 238px\" \/><\/a><\/p>\n<p>Guy Paris est conseiller en technologies de l\u2019information depuis pr\u00e8s de 30 ans.\u00a0 Au cours de ses premi\u00e8res ann\u00e9es de carri\u00e8re, il a \u0153uvr\u00e9 majoritairement dans des projets de d\u00e9veloppement aupr\u00e8s d&rsquo;organisation de grande envergure. Il y a cumul\u00e9 tous les principaux r\u00f4les de\u00a0ce type de\u00a0projets, \u00a0tels: analyste organique, analyste fonctionnel, architecte organique, architecte fonctionnelle et architecte int\u00e9grateur.<\/p>\n<p>Son parcours des 16 derni\u00e8res ann\u00e9es &#8211;\u00a0 en tant que directeur dans une firme de d\u00e9veloppement de logiciels couvrant la gestion des acc\u00e8s et en tant que conseiller &#8211; l\u2019a amen\u00e9 \u00e0 se sp\u00e9cialiser en gestion et en s\u00e9curit\u00e9 de l\u2019information; et plus sp\u00e9cifiquement autour de la gestion des identit\u00e9s et des acc\u00e8s.<\/p>\n<p>Au fil de ses mandats en s\u00e9curit\u00e9, il a aussi acquis une solide\u00a0r\u00e9putation en mati\u00e8re de gouvernance de la s\u00e9curit\u00e9.<\/p>\n<p>@: GParis@Conseils-GP.com<\/p><\/blockquote>\n<p>Principaux champs d&rsquo;int\u00e9r\u00eat<\/p>\n<blockquote><p>S\u00e9curit\u00e9 et gouvernance de la s\u00e9curit\u00e9 sp\u00e9cialis\u00e9 en Gestion des identit\u00e9s et des acc\u00e8s (GIA).<\/p><\/blockquote>\n","protected":false},"excerpt":{"rendered":"<p>Description de la mission de Services Conseils G.P. Services Conseils G.P. a \u00e9t\u00e9 fond\u00e9e en se donnant une mission tr\u00e8s simple et directe: travailler en partenariat avec les autres fournisseurs de produits et services afin de concevoir des approches et &hellip;<\/p>\n<p class=\"read-more\"> <a class=\"more-link\" href=\"http:\/\/conseils-gp.com\/?page_id=2\"> <span class=\"screen-reader-text\">Services Conseils G.P.<\/span> Read More &raquo;<\/a><\/p>\n","protected":false},"author":1,"featured_media":0,"parent":0,"menu_order":0,"comment_status":"open","ping_status":"open","template":"sidebar-page.php","meta":{"spay_email":""},"jetpack_likes_enabled":true,"jetpack_sharing_enabled":true,"_links":{"self":[{"href":"http:\/\/conseils-gp.com\/index.php?rest_route=\/wp\/v2\/pages\/2"}],"collection":[{"href":"http:\/\/conseils-gp.com\/index.php?rest_route=\/wp\/v2\/pages"}],"about":[{"href":"http:\/\/conseils-gp.com\/index.php?rest_route=\/wp\/v2\/types\/page"}],"author":[{"embeddable":true,"href":"http:\/\/conseils-gp.com\/index.php?rest_route=\/wp\/v2\/users\/1"}],"replies":[{"embeddable":true,"href":"http:\/\/conseils-gp.com\/index.php?rest_route=%2Fwp%2Fv2%2Fcomments&post=2"}],"version-history":[{"count":14,"href":"http:\/\/conseils-gp.com\/index.php?rest_route=\/wp\/v2\/pages\/2\/revisions"}],"predecessor-version":[{"id":176,"href":"http:\/\/conseils-gp.com\/index.php?rest_route=\/wp\/v2\/pages\/2\/revisions\/176"}],"wp:attachment":[{"href":"http:\/\/conseils-gp.com\/index.php?rest_route=%2Fwp%2Fv2%2Fmedia&parent=2"}],"curies":[{"name":"wp","href":"https:\/\/api.w.org\/{rel}","templated":true}]}}