{"id":14,"date":"2013-09-26T13:05:14","date_gmt":"2013-09-26T17:05:14","guid":{"rendered":"http:\/\/conseils-gp.com\/scgp-www\/?page_id=14"},"modified":"2014-10-29T13:11:21","modified_gmt":"2014-10-29T17:11:21","slug":"gia-fr","status":"publish","type":"page","link":"http:\/\/conseils-gp.com\/?page_id=14","title":{"rendered":"GIA"},"content":{"rendered":"<p>Cet endroit sert \u00e0 partager des id\u00e9es et des travaux touchant\u00a0la Gestion et la Gouvernance des identit\u00e9s et des acc\u00e8s, i.e.: la GIA. Il sert aussi de point d&rsquo;entr\u00e9e pour le domaine GIA-FR.com.<\/p>\n<p>Comme premier \u00e9l\u00e9ment partag\u00e9 avec la communaut\u00e9, je vous propose un livre blanc produit par Services Conseils G.P. qui expose des enseignements et des id\u00e9es novatrices entourant la GIA. N&rsquo;h\u00e9sitez pas \u00e0 soumettre vos questions ou vos commentaires. J&rsquo;aurai plaisir \u00e0 \u00e9changer sur le sujet avec vous tous. <a href=\"http:\/\/conseils-gp.com\/scgp-www\/wp-content\/uploads\/2013\/09\/RBAC-et-plus-encore-v1.0.pdf\">RBAC et plus encore v1.0<\/a><\/p>\n","protected":false},"excerpt":{"rendered":"<p>Cet endroit sert \u00e0 partager des id\u00e9es et des travaux touchant\u00a0la Gestion et la Gouvernance des identit\u00e9s et des acc\u00e8s, i.e.: la GIA. Il sert aussi de point d&rsquo;entr\u00e9e pour le domaine GIA-FR.com. Comme premier \u00e9l\u00e9ment partag\u00e9 avec la communaut\u00e9, &hellip;<\/p>\n<p class=\"read-more\"> <a class=\"more-link\" href=\"http:\/\/conseils-gp.com\/?page_id=14\"> <span class=\"screen-reader-text\">GIA<\/span> Read More &raquo;<\/a><\/p>\n","protected":false},"author":1,"featured_media":0,"parent":0,"menu_order":0,"comment_status":"open","ping_status":"open","template":"sidebar-page.php","meta":{"spay_email":""},"jetpack_likes_enabled":true,"jetpack_sharing_enabled":true,"_links":{"self":[{"href":"http:\/\/conseils-gp.com\/index.php?rest_route=\/wp\/v2\/pages\/14"}],"collection":[{"href":"http:\/\/conseils-gp.com\/index.php?rest_route=\/wp\/v2\/pages"}],"about":[{"href":"http:\/\/conseils-gp.com\/index.php?rest_route=\/wp\/v2\/types\/page"}],"author":[{"embeddable":true,"href":"http:\/\/conseils-gp.com\/index.php?rest_route=\/wp\/v2\/users\/1"}],"replies":[{"embeddable":true,"href":"http:\/\/conseils-gp.com\/index.php?rest_route=%2Fwp%2Fv2%2Fcomments&post=14"}],"version-history":[{"count":4,"href":"http:\/\/conseils-gp.com\/index.php?rest_route=\/wp\/v2\/pages\/14\/revisions"}],"predecessor-version":[{"id":178,"href":"http:\/\/conseils-gp.com\/index.php?rest_route=\/wp\/v2\/pages\/14\/revisions\/178"}],"wp:attachment":[{"href":"http:\/\/conseils-gp.com\/index.php?rest_route=%2Fwp%2Fv2%2Fmedia&parent=14"}],"curies":[{"name":"wp","href":"https:\/\/api.w.org\/{rel}","templated":true}]}}